{"id":1755,"date":"2025-08-02T12:59:03","date_gmt":"2025-08-02T12:59:03","guid":{"rendered":"https:\/\/hfhnew.swstesting.com\/terms-conditions-2\/"},"modified":"2026-03-04T05:13:09","modified_gmt":"2026-03-04T05:13:09","slug":"terms-conditions-2","status":"publish","type":"page","link":"https:\/\/hfh.ee\/et\/terms-conditions-2\/","title":{"rendered":"Terms &amp; Conditions"},"content":{"rendered":"\t\t<div data-elementor-type=\"wp-page\" data-elementor-id=\"1755\" class=\"elementor elementor-1755 elementor-1590\" data-elementor-post-type=\"page\">\n\t\t\t\t<div class=\"elementor-element elementor-element-4cca24e e-con-full e-flex e-con e-parent\" data-id=\"4cca24e\" data-element_type=\"container\" data-e-type=\"container\" data-settings=\"{&quot;background_background&quot;:&quot;classic&quot;}\">\n\t\t<div class=\"elementor-element elementor-element-06b0b06 e-flex e-con-boxed e-con e-child\" data-id=\"06b0b06\" data-element_type=\"container\" data-e-type=\"container\">\n\t\t\t\t\t<div class=\"e-con-inner\">\n\t\t\t\t<div class=\"elementor-element elementor-element-096863d animated-slow elementor-invisible elementor-widget elementor-widget-heading\" data-id=\"096863d\" data-element_type=\"widget\" data-e-type=\"widget\" data-settings=\"{&quot;_animation&quot;:&quot;zoomIn&quot;}\" data-widget_type=\"heading.default\">\n\t\t\t\t\t<h2 class=\"elementor-heading-title elementor-size-default\">Tingimused ja tingimused<\/h2>\t\t\t\t<\/div>\n\t\t\t\t\t<\/div>\n\t\t\t\t<\/div>\n\t\t\t\t<\/div>\n\t\t<div class=\"elementor-element elementor-element-f382579 e-con-full e-flex e-con e-parent\" data-id=\"f382579\" data-element_type=\"container\" data-e-type=\"container\">\n\t\t<div class=\"elementor-element elementor-element-7d53a0b e-flex e-con-boxed e-con e-child\" data-id=\"7d53a0b\" data-element_type=\"container\" data-e-type=\"container\">\n\t\t\t\t\t<div class=\"e-con-inner\">\n\t\t\t\t<div class=\"elementor-element elementor-element-d4f1744 animated-slow elementor-invisible elementor-widget elementor-widget-heading\" data-id=\"d4f1744\" data-element_type=\"widget\" data-e-type=\"widget\" data-settings=\"{&quot;_animation&quot;:&quot;fadeInLeft&quot;}\" data-widget_type=\"heading.default\">\n\t\t\t\t\t<h3 class=\"elementor-heading-title elementor-size-default\">Kasutustingimused<\/h3>\t\t\t\t<\/div>\n\t\t\t\t<div class=\"elementor-element elementor-element-079d5e0 animated-slow elementor-invisible elementor-widget elementor-widget-text-editor\" data-id=\"079d5e0\" data-element_type=\"widget\" data-e-type=\"widget\" data-settings=\"{&quot;_animation&quot;:&quot;fadeInRight&quot;}\" data-widget_type=\"text-editor.default\">\n\t\t\t\t\t\t\t\t\t<p><strong>See jaotis kirjeldab HFH Grupi veebisaidi kasutamise \u00f5iguslikke tingimusi<\/strong>. Veebisaidile ligip\u00e4\u00e4suga ja selle kasutamisega n\u00f5ustud nende tingimustega.  <\/p>\t\t\t\t\t\t\t\t<\/div>\n\t\t<div class=\"elementor-element elementor-element-0d9371a e-con-full animated-slow e-flex elementor-invisible e-con e-child\" data-id=\"0d9371a\" data-element_type=\"container\" data-e-type=\"container\" data-settings=\"{&quot;background_background&quot;:&quot;classic&quot;,&quot;animation&quot;:&quot;fadeInUp&quot;}\">\n\t\t\t\t<div class=\"elementor-element elementor-element-552ff43 elementor-widget elementor-widget-heading\" data-id=\"552ff43\" data-element_type=\"widget\" data-e-type=\"widget\" data-widget_type=\"heading.default\">\n\t\t\t\t\t<h4 class=\"elementor-heading-title elementor-size-default\">Lubatud kasutus:<\/h4>\t\t\t\t<\/div>\n\t\t\t\t<div class=\"elementor-element elementor-element-4efbe3a list-block-cls elementor-widget elementor-widget-text-editor\" data-id=\"4efbe3a\" data-element_type=\"widget\" data-e-type=\"widget\" data-widget_type=\"text-editor.default\">\n\t\t\t\t\t\t\t\t\t<ul><li><p data-start=\"0\" data-end=\"78\">Sellel veebisaidil esitatud sisu on m\u00f5eldud \u00fcksnes informatiivsel eesm\u00e4rgil.<\/p><\/li><li><p data-start=\"0\" data-end=\"78\">Kogu sisu, sealhulgas tekstid, pildid ja logod, on HFH Group O\u00dc intellektuaalne omand.<\/p><\/li><li><p data-start=\"0\" data-end=\"78\">Kasutajatel ei ole lubatud veebisaidi sisu ilma selges\u00f5nalise loata reprodutseerida, levitada ega muuta.<\/p><\/li><li><p data-start=\"0\" data-end=\"78\">Veebisaiti tohib kasutada \u00fcksnes seaduslikel eesm\u00e4rkidel, mis on seotud merendush\u00fcdraulika teenustega.<\/p><\/li><\/ul>\t\t\t\t\t\t\t\t<\/div>\n\t\t\t\t<div class=\"elementor-element elementor-element-7f36ecd elementor-widget elementor-widget-heading\" data-id=\"7f36ecd\" data-element_type=\"widget\" data-e-type=\"widget\" data-widget_type=\"heading.default\">\n\t\t\t\t\t<h4 class=\"elementor-heading-title elementor-size-default\">Vastutuse piirangud:<\/h4>\t\t\t\t<\/div>\n\t\t\t\t<div class=\"elementor-element elementor-element-3e1c5f1 list-block-cls elementor-widget elementor-widget-text-editor\" data-id=\"3e1c5f1\" data-element_type=\"widget\" data-e-type=\"widget\" data-widget_type=\"text-editor.default\">\n\t\t\t\t\t\t\t\t\t<div class=\"flex flex-col text-sm pb-25\"><article class=\"text-token-text-primary w-full focus:outline-none [--shadow-height:45px] has-data-writing-block:pointer-events-none has-data-writing-block:-mt-(--shadow-height) has-data-writing-block:pt-(--shadow-height) [&amp;:has([data-writing-block])&gt;*]:pointer-events-auto scroll-mt-[calc(var(--header-height)+min(200px,max(70px,20svh)))]\" dir=\"auto\" tabindex=\"-1\" data-turn-id=\"request-WEB:ff2abe12-9145-43eb-ac7c-a37dc6556647-5\" data-testid=\"conversation-turn-12\" data-scroll-anchor=\"true\" data-turn=\"assistant\"><div class=\"text-base my-auto mx-auto pb-10 [--thread-content-margin:--spacing(4)] @w-sm\/main:[--thread-content-margin:--spacing(6)] @w-lg\/main:[--thread-content-margin:--spacing(16)] px-(--thread-content-margin)\"><div class=\"[--thread-content-max-width:40rem] @w-lg\/main:[--thread-content-max-width:48rem] mx-auto max-w-(--thread-content-max-width) flex-1 group\/turn-messages focus-visible:outline-hidden relative flex w-full min-w-0 flex-col agent-turn\" tabindex=\"-1\"><div class=\"flex max-w-full flex-col grow\"><div class=\"min-h-8 text-message relative flex w-full flex-col items-end gap-2 text-start break-words whitespace-normal [.text-message+&amp;]:mt-1\" dir=\"auto\" data-message-author-role=\"assistant\" data-message-id=\"d3d9d9f6-d5b9-4f65-b4e9-36d0a84d7b6c\" data-message-model-slug=\"gpt-5-2\"><div class=\"flex w-full flex-col gap-1 empty:hidden first:pt-[1px]\"><div class=\"markdown prose dark:prose-invert w-full wrap-break-word light markdown-new-styling\"><ul><li data-start=\"0\" data-end=\"102\">Esitatud teave on meie parima teadmise kohaselt \u00f5ige, kuid see ei pruugi olla t\u00e4ielik ega ajakohane.<\/li><li data-start=\"0\" data-end=\"102\">HFH Group O\u00dc ei vastuta veebisaidi kasutamisest tulenevate kahjude ega kaotuste eest.<\/li><li data-start=\"193\" data-end=\"273\">Tehnilised spetsifikatsioonid ja teenuste teave v\u00f5ivad muutuda ette teatamata.<\/li><li data-start=\"275\" data-end=\"365\">Juhtumiuuringutes esitatud tulemused kajastavad konkreetseid olukordi ning v\u00f5ivad erineda.<\/li><\/ul><\/div><\/div><\/div><\/div><\/div><\/div><\/article><\/div>\t\t\t\t\t\t\t\t<\/div>\n\t\t\t\t<div class=\"elementor-element elementor-element-731d238 elementor-widget elementor-widget-heading\" data-id=\"731d238\" data-element_type=\"widget\" data-e-type=\"widget\" data-widget_type=\"heading.default\">\n\t\t\t\t\t<h4 class=\"elementor-heading-title elementor-size-default\">V\u00e4lised lingid:<\/h4>\t\t\t\t<\/div>\n\t\t\t\t<div class=\"elementor-element elementor-element-e7dc34d list-block-cls elementor-widget elementor-widget-text-editor\" data-id=\"e7dc34d\" data-element_type=\"widget\" data-e-type=\"widget\" data-widget_type=\"text-editor.default\">\n\t\t\t\t\t\t\t\t\t<ul><li>Veebisait v\u00f5ib kasutusmugavuse huvides sisaldada linke kolmandate osapoolte veebisaitidele.<\/li><li>HFH Group O\u00dc ei vastuta lingitud veebisaitide sisu ega nende privaatsustavade eest.<\/li><li>Lingid v\u00e4listele veebisaitidele ei t\u00e4henda nende veebisaitide ega nende sisu heakskiitu.<\/li><\/ul>\t\t\t\t\t\t\t\t<\/div>\n\t\t\t\t<\/div>\n\t\t\t\t<div class=\"elementor-element elementor-element-ab91451 elementor-widget-divider--view-line elementor-widget elementor-widget-divider\" data-id=\"ab91451\" data-element_type=\"widget\" data-e-type=\"widget\" data-widget_type=\"divider.default\">\n\t\t\t\t\t\t\t<div class=\"elementor-divider\">\n\t\t\t<span class=\"elementor-divider-separator\">\n\t\t\t\t\t\t<\/span>\n\t\t<\/div>\n\t\t\t\t\t\t<\/div>\n\t\t\t\t<div class=\"elementor-element elementor-element-2de7aa6 animated-slow elementor-invisible elementor-widget elementor-widget-heading\" data-id=\"2de7aa6\" data-element_type=\"widget\" data-e-type=\"widget\" data-settings=\"{&quot;_animation&quot;:&quot;fadeInLeft&quot;}\" data-widget_type=\"heading.default\">\n\t\t\t\t\t<h3 class=\"elementor-heading-title elementor-size-default\">Privaatsuspoliitika<\/h3>\t\t\t\t<\/div>\n\t\t\t\t<div class=\"elementor-element elementor-element-e923868 animated-slow elementor-invisible elementor-widget elementor-widget-text-editor\" data-id=\"e923868\" data-element_type=\"widget\" data-e-type=\"widget\" data-settings=\"{&quot;_animation&quot;:&quot;fadeInRight&quot;}\" data-widget_type=\"text-editor.default\">\n\t\t\t\t\t\t\t\t\t<div class=\"flex flex-col text-sm pb-25\"><article class=\"text-token-text-primary w-full focus:outline-none [--shadow-height:45px] has-data-writing-block:pointer-events-none has-data-writing-block:-mt-(--shadow-height) has-data-writing-block:pt-(--shadow-height) [&amp;:has([data-writing-block])&gt;*]:pointer-events-auto scroll-mt-[calc(var(--header-height)+min(200px,max(70px,20svh)))]\" dir=\"auto\" tabindex=\"-1\" data-turn-id=\"request-WEB:ff2abe12-9145-43eb-ac7c-a37dc6556647-9\" data-testid=\"conversation-turn-20\" data-scroll-anchor=\"true\" data-turn=\"assistant\"><div class=\"text-base my-auto mx-auto pb-10 [--thread-content-margin:--spacing(4)] @w-sm\/main:[--thread-content-margin:--spacing(6)] @w-lg\/main:[--thread-content-margin:--spacing(16)] px-(--thread-content-margin)\"><div class=\"[--thread-content-max-width:40rem] @w-lg\/main:[--thread-content-max-width:48rem] mx-auto max-w-(--thread-content-max-width) flex-1 group\/turn-messages focus-visible:outline-hidden relative flex w-full min-w-0 flex-col agent-turn\" tabindex=\"-1\"><div class=\"flex max-w-full flex-col grow\"><div class=\"min-h-8 text-message relative flex w-full flex-col items-end gap-2 text-start break-words whitespace-normal [.text-message+&amp;]:mt-1\" dir=\"auto\" data-message-author-role=\"assistant\" data-message-id=\"d3855cbd-f9ed-404c-8f2f-c92096e58fcd\" data-message-model-slug=\"gpt-5-2\"><div class=\"flex w-full flex-col gap-1 empty:hidden first:pt-[1px]\"><div class=\"markdown prose dark:prose-invert w-full wrap-break-word light markdown-new-styling\"><p data-start=\"0\" data-end=\"128\" data-is-last-node=\"\" data-is-only-node=\"\">K\u00e4esolev privaatsuspoliitika selgitab, kuidas HFH Group O\u00dc kogub, kasutab ja kaitseb meie veebisaidi kasutajatelt saadud teavet.<\/p><\/div><\/div><\/div><\/div><\/div><\/div><\/article><\/div>\t\t\t\t\t\t\t\t<\/div>\n\t\t<div class=\"elementor-element elementor-element-629033e e-con-full animated-slow e-flex elementor-invisible e-con e-child\" data-id=\"629033e\" data-element_type=\"container\" data-e-type=\"container\" data-settings=\"{&quot;background_background&quot;:&quot;classic&quot;,&quot;animation&quot;:&quot;fadeInUp&quot;}\">\n\t\t\t\t<div class=\"elementor-element elementor-element-c4ec953 elementor-widget elementor-widget-heading\" data-id=\"c4ec953\" data-element_type=\"widget\" data-e-type=\"widget\" data-widget_type=\"heading.default\">\n\t\t\t\t\t<h4 class=\"elementor-heading-title elementor-size-default\">Andmete kogumine:<\/h4>\t\t\t\t<\/div>\n\t\t\t\t<div class=\"elementor-element elementor-element-776ea7a list-block-cls elementor-widget elementor-widget-text-editor\" data-id=\"776ea7a\" data-element_type=\"widget\" data-e-type=\"widget\" data-widget_type=\"text-editor.default\">\n\t\t\t\t\t\t\t\t\t<ul><li>Vormide kaudu kogutav kontaktteave (nimi, e-posti aadress, telefon, ettev\u00f5tte andmed).<\/li><li>Automaat\u00adselt kogutav tehniline teave (IP-aadress, brauseri t\u00fc\u00fcp, k\u00fclastuse kestus).<\/li><li>K\u00fcpsiseid kasutatakse kasutajakogemuse parandamiseks ja veebisaidi liikluse anal\u00fc\u00fcsimiseks.<\/li><li>Isikut tuvastavat teavet ei koguta ilma kasutaja n\u00f5usolekuta.<\/li><\/ul>\t\t\t\t\t\t\t\t<\/div>\n\t\t\t\t<div class=\"elementor-element elementor-element-92b0e64 elementor-widget elementor-widget-heading\" data-id=\"92b0e64\" data-element_type=\"widget\" data-e-type=\"widget\" data-widget_type=\"heading.default\">\n\t\t\t\t\t<h4 class=\"elementor-heading-title elementor-size-default\">Andmete kasutamine:\n<\/h4>\t\t\t\t<\/div>\n\t\t\t\t<div class=\"elementor-element elementor-element-d45e7a6 list-block-cls elementor-widget elementor-widget-text-editor\" data-id=\"d45e7a6\" data-element_type=\"widget\" data-e-type=\"widget\" data-widget_type=\"text-editor.default\">\n\t\t\t\t\t\t\t\t\t<ul><li>Teenusep\u00e4ringutele vastamiseks ja taotletud teabe edastamiseks.<\/li><li>Veebisaidi sisu ja kasutajakogemuse parandamiseks.<\/li><li>Kasutajatega suhtlemiseks seoses asjakohaste teenuste v\u00f5i uuendustega.<\/li><li>Sisemiseks arvestuseks ja \u00e4rianal\u00fc\u00fcsiks.<\/li><\/ul>\t\t\t\t\t\t\t\t<\/div>\n\t\t\t\t<div class=\"elementor-element elementor-element-1797aca elementor-widget elementor-widget-heading\" data-id=\"1797aca\" data-element_type=\"widget\" data-e-type=\"widget\" data-widget_type=\"heading.default\">\n\t\t\t\t\t<h4 class=\"elementor-heading-title elementor-size-default\">Andmete kaitse:\n<\/h4>\t\t\t\t<\/div>\n\t\t\t\t<div class=\"elementor-element elementor-element-c48c900 list-block-cls elementor-widget elementor-widget-text-editor\" data-id=\"c48c900\" data-element_type=\"widget\" data-e-type=\"widget\" data-widget_type=\"text-editor.default\">\n\t\t\t\t\t\t\t\t\t<ul><li>K\u00f5iki kogutud andmeid kaitstakse t\u00f6\u00f6stusstandarditele vastavate turvameetmetega.<\/li><li>Andmeid s\u00e4ilitatakse turvaliselt ning neile p\u00e4\u00e4sevad ligi ainult volitatud isikud.<\/li><li>Me ei m\u00fc\u00fc, rendi ega jaga isikuandmeid kolmandate osapooltega.<\/li><li>Teavet s\u00e4ilitatakse \u00fcksnes nii kaua, kui see on \u00e4rilistel eesm\u00e4rkidel vajalik.<\/li><\/ul>\t\t\t\t\t\t\t\t<\/div>\n\t\t\t\t<div class=\"elementor-element elementor-element-b2cffe3 elementor-widget elementor-widget-heading\" data-id=\"b2cffe3\" data-element_type=\"widget\" data-e-type=\"widget\" data-widget_type=\"heading.default\">\n\t\t\t\t\t<h4 class=\"elementor-heading-title elementor-size-default\">Kasutaja \u00f5igused:\n<\/h4>\t\t\t\t<\/div>\n\t\t\t\t<div class=\"elementor-element elementor-element-ae645a3 list-block-cls elementor-widget elementor-widget-text-editor\" data-id=\"ae645a3\" data-element_type=\"widget\" data-e-type=\"widget\" data-widget_type=\"text-editor.default\">\n\t\t\t\t\t\t\t\t\t<ul><li>Kasutajatel on \u00f5igus taotleda juurdep\u00e4\u00e4su nende isikuandmetele, mida HFH Group O\u00dc s\u00e4ilitab.<\/li><li>Kasutajatel on \u00f5igus taotleda oma isikuandmete parandamist v\u00f5i kustutamist.<\/li><li>Kasutajad v\u00f5ivad igal ajal loobuda teavituste saamisest.<\/li><li>Privaatsusega seotud k\u00fcsimuste v\u00f5i taotluste korral v\u00f5tke \u00fchendust: <a href=\"mailto:info@hfh.ee\">info@hfh.ee<\/a><\/li><\/ul>\t\t\t\t\t\t\t\t<\/div>\n\t\t\t\t<\/div>\n\t\t\t\t\t<\/div>\n\t\t\t\t<\/div>\n\t\t\t\t<\/div>\n\t\t\t\t<\/div>\n\t\t","protected":false},"excerpt":{"rendered":"<p>Tingimused ja tingimused Kasutustingimused See jaotis kirjeldab HFH Grupi veebisaidi kasutamise \u00f5iguslikke tingimusi. Veebisaidile ligip\u00e4\u00e4suga ja selle kasutamisega n\u00f5ustud nende tingimustega. Lubatud kasutus: Sellel veebisaidil esitatud sisu on m\u00f5eldud \u00fcksnes informatiivsel eesm\u00e4rgil. Kogu sisu, sealhulgas tekstid, pildid ja logod, on HFH Group O\u00dc intellektuaalne omand. Kasutajatel ei ole lubatud veebisaidi sisu ilma selges\u00f5nalise loata reprodutseerida, [&hellip;]<\/p>\n","protected":false},"author":2,"featured_media":0,"parent":0,"menu_order":0,"comment_status":"closed","ping_status":"closed","template":"elementor_header_footer","meta":{"_acf_changed":false,"inline_featured_image":false,"footnotes":""},"class_list":["post-1755","page","type-page","status-publish","hentry"],"acf":[],"_links":{"self":[{"href":"https:\/\/hfh.ee\/et\/wp-json\/wp\/v2\/pages\/1755","targetHints":{"allow":["GET"]}}],"collection":[{"href":"https:\/\/hfh.ee\/et\/wp-json\/wp\/v2\/pages"}],"about":[{"href":"https:\/\/hfh.ee\/et\/wp-json\/wp\/v2\/types\/page"}],"author":[{"embeddable":true,"href":"https:\/\/hfh.ee\/et\/wp-json\/wp\/v2\/users\/2"}],"replies":[{"embeddable":true,"href":"https:\/\/hfh.ee\/et\/wp-json\/wp\/v2\/comments?post=1755"}],"version-history":[{"count":4,"href":"https:\/\/hfh.ee\/et\/wp-json\/wp\/v2\/pages\/1755\/revisions"}],"predecessor-version":[{"id":3258,"href":"https:\/\/hfh.ee\/et\/wp-json\/wp\/v2\/pages\/1755\/revisions\/3258"}],"wp:attachment":[{"href":"https:\/\/hfh.ee\/et\/wp-json\/wp\/v2\/media?parent=1755"}],"curies":[{"name":"wp","href":"https:\/\/api.w.org\/{rel}","templated":true}]}}